{"id":2,"date":"2023-02-15T06:19:47","date_gmt":"2023-02-15T06:19:47","guid":{"rendered":"https:\/\/ekoapu.fi\/?page_id=2"},"modified":"2023-02-19T11:40:51","modified_gmt":"2023-02-19T11:40:51","slug":"sample-page","status":"publish","type":"page","link":"https:\/\/ekoapu.fi\/index.php\/sample-page\/","title":{"rendered":"Palvelut"},"content":{"rendered":"\n<p class=\"has-medium-font-size\"><strong>Logistiikkapalvelut: <\/strong><\/p>\n\n\n\n<p class=\"has-medium-font-size\">Logistiikkapalvelumme l\u00e4ht\u00f6kohtana on kuljettaa kuorma ajotarpeidemme mukaisesti joko m\u00e4\u00e4ritetylle vastaanottajalle tai j\u00e4telaitokselle. Kuljetukset toistaiseksi tapahtuvat pakettiautolla, joten emme vastaanota ilman erillist\u00e4 selvityst\u00e4 yli 200kg tai 2m<sup>3<\/sup> kuormia.<\/p>\n\n\n\n<p class=\"has-medium-font-size\">Huomioithan my\u00f6s, ett\u00e4 kiireellisiss\u00e4 tapauksissa emme v\u00e4ltt\u00e4m\u00e4tt\u00e4 ole ensisijaisesti teille paras vaihtoehto.<\/p>\n\n\n\n<p><\/p>\n\n\n\n<p class=\"has-medium-font-size\"><strong>Kierr\u00e4tyspalvelut:<\/strong> <\/p>\n\n\n\n<p class=\"has-medium-font-size\">Usein yritystoiminnasta voi kerty\u00e4 kustannuksia aiheuttavia kierr\u00e4tyskelpoisia j\u00e4tteit\u00e4, jotka eiv\u00e4t ole vaivatta kohdennettavissa uusiok\u00e4ytt\u00f6\u00f6n tai kierr\u00e4tyspalvelun tarjoajalle. Otamme mielell\u00e4mme haasteen vastaan tarjotaksemme teille t\u00e4ll\u00e4 saralla s\u00e4\u00e4st\u00f6j\u00e4 tuovan ratkaisun.<\/p>\n\n\n\n<p><\/p>\n\n\n\n<p class=\"has-medium-font-size\"><strong>Kalustovuokraus:<\/strong><\/p>\n\n\n\n<p class=\"has-medium-font-size\">Tiettyin\u00e4 ajanjaksoina tarjoamme my\u00f6s kalustoamme, kuten pakettiautoamme vuokrak\u00e4ytt\u00f6\u00f6n.<\/p>\n","protected":false},"excerpt":{"rendered":"<p>Logistiikkapalvelut: Logistiikkapalvelumme l\u00e4ht\u00f6kohtana on kuljettaa kuorma ajotarpeidemme mukaisesti joko m\u00e4\u00e4ritetylle vastaanottajalle tai j\u00e4telaitokselle. Kuljetukset toistaiseksi tapahtuvat pakettiautolla, joten emme vastaanota ilman erillist\u00e4 selvityst\u00e4 yli 200kg tai 2m3 kuormia. Huomioithan my\u00f6s, ett\u00e4 kiireellisiss\u00e4 tapauksissa emme v\u00e4ltt\u00e4m\u00e4tt\u00e4 ole ensisijaisesti teille paras vaihtoehto. Kierr\u00e4tyspalvelut: Usein yritystoiminnasta voi kerty\u00e4 kustannuksia aiheuttavia kierr\u00e4tyskelpoisia j\u00e4tteit\u00e4, jotka eiv\u00e4t ole vaivatta kohdennettavissa uusiok\u00e4ytt\u00f6\u00f6n [&hellip;]<\/p>\n","protected":false},"author":1,"featured_media":0,"parent":0,"menu_order":0,"comment_status":"closed","ping_status":"open","template":"","meta":{"footnotes":""},"class_list":["post-2","page","type-page","status-publish","hentry"],"_links":{"self":[{"href":"https:\/\/ekoapu.fi\/index.php\/wp-json\/wp\/v2\/pages\/2","targetHints":{"allow":["GET"]}}],"collection":[{"href":"https:\/\/ekoapu.fi\/index.php\/wp-json\/wp\/v2\/pages"}],"about":[{"href":"https:\/\/ekoapu.fi\/index.php\/wp-json\/wp\/v2\/types\/page"}],"author":[{"embeddable":true,"href":"https:\/\/ekoapu.fi\/index.php\/wp-json\/wp\/v2\/users\/1"}],"replies":[{"embeddable":true,"href":"https:\/\/ekoapu.fi\/index.php\/wp-json\/wp\/v2\/comments?post=2"}],"version-history":[{"count":4,"href":"https:\/\/ekoapu.fi\/index.php\/wp-json\/wp\/v2\/pages\/2\/revisions"}],"predecessor-version":[{"id":75,"href":"https:\/\/ekoapu.fi\/index.php\/wp-json\/wp\/v2\/pages\/2\/revisions\/75"}],"wp:attachment":[{"href":"https:\/\/ekoapu.fi\/index.php\/wp-json\/wp\/v2\/media?parent=2"}],"curies":[{"name":"wp","href":"https:\/\/api.w.org\/{rel}","templated":true}]}}