{"id":19,"date":"2023-02-18T12:08:34","date_gmt":"2023-02-18T12:08:34","guid":{"rendered":"https:\/\/ekoapu.fi\/?page_id=19"},"modified":"2023-03-20T13:33:09","modified_gmt":"2023-03-20T13:33:09","slug":"yritys","status":"publish","type":"page","link":"https:\/\/ekoapu.fi\/index.php\/yritys\/","title":{"rendered":"Yritys"},"content":{"rendered":"\n<p class=\"has-medium-font-size\">Tmi EkoApu on perustettu 2023 vuoden alussa tarjoamaan hiilijalanj\u00e4ljest\u00e4\u00e4n kiinnostuneille yksityishenkil\u00f6ille ja yrityksille kilpailukykyisi\u00e4 sek\u00e4 ekologisia logistiikka- ja kierr\u00e4tyspalveluita. Syy on aika henkil\u00f6kohtainen. Luonto ja  biodiversiteetin kauneus on ly\u00f6nyt minut \u00e4llik\u00e4ll\u00e4 ja sen s\u00e4ilyminen ei ole en\u00e4\u00e4 varmaa. Kierr\u00e4tt\u00e4minen ja materiaalien uusiohy\u00f6dynt\u00e4minen on kohdallani ollut rutiinimaista ja helppoa mutta ment\u00e4ess\u00e4 yritystoimintaan olen huomannut ekologisesti toimimisen tilanteessa kuin tilanteessa olevan usein kalliimpaa tai muutoin haastavaa. T\u00e4h\u00e4n haasteeseen koitamme tuoda tilannetta helpottavan ratkaisun logistiikka-, kierr\u00e4tys- ja j\u00e4tepalveluiden saralla. Tavoitteenamme on asiakkaiden kustannusten ja hiilijalanj\u00e4ljen pienent\u00e4minen sek\u00e4 alueellisesti kiertotalouden edist\u00e4minen.<\/p>\n\n\n\n<p class=\"has-medium-font-size\">Polttoaineina k\u00e4yt\u00e4mme uusiutuvia polttoaineita ja kuljetusreitit valitsemme ajokilometrej\u00e4 s\u00e4\u00e4stellen.<\/p>\n\n\n\n<p class=\"has-medium-font-size\">EkoApu ei tavoittele suurta kasvua, mutta mik\u00e4li vuotuinen liikevoitto ylitt\u00e4\u00e4 2000\u20ac, niin sen yli menev\u00e4st\u00e4 tuloksesta menee 30% luonnonsuojelus\u00e4\u00e4ti\u00f6lle ja luonnon suojeluun.<\/p>\n\n\n\n<p><\/p>\n\n\n\n<p class=\"has-medium-font-size\">Yhteystiedot:<\/p>\n\n\n\n<p class=\"has-medium-font-size\">Jani Ung<\/p>\n\n\n\n<p class=\"has-medium-font-size\">Puhnro: +358 40 9600 822<\/p>\n\n\n\n<p class=\"has-medium-font-size\">Info@EkoApu.fi <\/p>\n\n\n\n<p class=\"has-medium-font-size\">Y-tunnus 3341289-6<\/p>\n","protected":false},"excerpt":{"rendered":"<p>Tmi EkoApu on perustettu 2023 vuoden alussa tarjoamaan hiilijalanj\u00e4ljest\u00e4\u00e4n kiinnostuneille yksityishenkil\u00f6ille ja yrityksille kilpailukykyisi\u00e4 sek\u00e4 ekologisia logistiikka- ja kierr\u00e4tyspalveluita. Syy on aika henkil\u00f6kohtainen. Luonto ja biodiversiteetin kauneus on ly\u00f6nyt minut \u00e4llik\u00e4ll\u00e4 ja sen s\u00e4ilyminen ei ole en\u00e4\u00e4 varmaa. Kierr\u00e4tt\u00e4minen ja materiaalien uusiohy\u00f6dynt\u00e4minen on kohdallani ollut rutiinimaista ja helppoa mutta ment\u00e4ess\u00e4 yritystoimintaan olen huomannut ekologisesti toimimisen [&hellip;]<\/p>\n","protected":false},"author":2,"featured_media":0,"parent":0,"menu_order":0,"comment_status":"closed","ping_status":"closed","template":"","meta":{"footnotes":""},"class_list":["post-19","page","type-page","status-publish","hentry"],"_links":{"self":[{"href":"https:\/\/ekoapu.fi\/index.php\/wp-json\/wp\/v2\/pages\/19","targetHints":{"allow":["GET"]}}],"collection":[{"href":"https:\/\/ekoapu.fi\/index.php\/wp-json\/wp\/v2\/pages"}],"about":[{"href":"https:\/\/ekoapu.fi\/index.php\/wp-json\/wp\/v2\/types\/page"}],"author":[{"embeddable":true,"href":"https:\/\/ekoapu.fi\/index.php\/wp-json\/wp\/v2\/users\/2"}],"replies":[{"embeddable":true,"href":"https:\/\/ekoapu.fi\/index.php\/wp-json\/wp\/v2\/comments?post=19"}],"version-history":[{"count":12,"href":"https:\/\/ekoapu.fi\/index.php\/wp-json\/wp\/v2\/pages\/19\/revisions"}],"predecessor-version":[{"id":104,"href":"https:\/\/ekoapu.fi\/index.php\/wp-json\/wp\/v2\/pages\/19\/revisions\/104"}],"wp:attachment":[{"href":"https:\/\/ekoapu.fi\/index.php\/wp-json\/wp\/v2\/media?parent=19"}],"curies":[{"name":"wp","href":"https:\/\/api.w.org\/{rel}","templated":true}]}}